{"id":797,"date":"2020-10-12T18:23:54","date_gmt":"2020-10-12T16:23:54","guid":{"rendered":"http:\/\/osint.zonalab.it\/privacy-policy\/"},"modified":"2020-10-23T15:51:58","modified_gmt":"2020-10-23T13:51:58","slug":"privacy-policy","status":"publish","type":"page","link":"https:\/\/www.osint-ltd.com\/en\/privacy-policy\/","title":{"rendered":"Privacy Policy"},"content":{"rendered":"<p>[et_pb_section fb_built=&#8221;1&#8243; _builder_version=&#8221;3.22&#8243; da_disable_devices=&#8221;off|off|off&#8221; da_is_popup=&#8221;off&#8221; da_exit_intent=&#8221;off&#8221; da_has_close=&#8221;on&#8221; da_alt_close=&#8221;off&#8221; da_dark_close=&#8221;off&#8221; da_not_modal=&#8221;on&#8221; da_is_singular=&#8221;off&#8221; da_with_loader=&#8221;off&#8221; da_has_shadow=&#8221;on&#8221;][et_pb_row _builder_version=&#8221;3.25&#8243; background_size=&#8221;initial&#8221; background_position=&#8221;top_left&#8221; background_repeat=&#8221;repeat&#8221;][et_pb_column type=&#8221;4_4&#8243; _builder_version=&#8221;3.25&#8243; custom_padding=&#8221;|||&#8221; custom_padding__hover=&#8221;|||&#8221;][et_pb_text _builder_version=&#8221;4.6.6&#8243; background_size=&#8221;initial&#8221; background_position=&#8221;top_left&#8221; background_repeat=&#8221;repeat&#8221;]<\/p>\n<h3><strong>Informativa privacy ai sensi degli artt. 13-14 del Regolamento Europeo \u201cPrivacy\u201d (GDPR)<\/strong><\/h3>\n<p>I dati personali da Lei inseriti, sono trattati dal titolare del presente sito, per finalit\u00e0 connesse alla fornitura dei servizi da Lei richiesti (a titolo esemplificativo: richiedere informazioni, registrarsi al sito per ricevere vantaggi e offerte, ottenere preventivi, effettuare pagamenti, acquistare beni e riceverli presso un domicilio da Lei indicato, effettuare una prenotazione, scambiare documenti).<\/p>\n<p>Inoltre, i dati da Lei forniti, potrebbero essere trattati, solo su Suo esplicito consenso, al fine di inviarLe comunicazioni di natura commerciale via email o sms relativamente ai servizi offerti dal Titolare.<\/p>\n<p>Nel primo caso, la base giuridica del trattamento \u00e8 l\u2019esecuzione di un accordo; nel secondo caso \u00e8 il consenso. I trattamenti avverranno con modalit\u00e0 elettroniche e verranno messi a disposizione delle terze parti (Responsabili Esterni del trattamento) nell\u2019ambito dell\u2019Unione Europea o in Paesi extra UE, regolarmente contrattualizzate e che offrono adeguate garanzie di sicurezza, necessarie per la fornitura di servizi essenziali al soddisfacimento delle Sue esigenze. Tali Responsabili Esterni, il cui elenco \u00e8 disponibile dietro richiesta, possono appartenere a categorie di soggetti che supportano il Titolare nell\u2019erogazione dei servizi offerti tramite il presente sito (quali, a titolo esemplificativo: sviluppatori software e gestori di siti web, spedizionieri).<\/p>\n<p>Inoltre saranno trattati per finalit\u00e0 di analisi statistiche e di marketing diretto, in maniera anonima, come meglio specificato dalla cookie policy. Trattasi pertanto di trattamenti legittimi e necessari ad assicurarLe un servizio che risponda alle Sue aspettative. I dati saranno conservati per tutta la durata dei servizi da Lei richiesti o per periodi superiori solo se previsti dalle norme. In ogni momento Lei potr\u00e0 esercitare i diritti previsti agli articoli 15-22 del GDPR contattando il titolare del presente sito.<\/p>\n<p>Per modificare o cancellare i soli dati che sono archiviati sui sistemi che erogano il presente sito, cliccare qui. Le informazioni da lei inserite nel form (compreso il suo indirizzo email) potranno essere comunicate a una societ\u00e0 terza che agir\u00e0 in qualit\u00e0 di Responsabile esterno e che supporta il Titolare nella gestione del sito e nell\u2019evasione della sua richiesta.<\/p>\n<p>Nel caso di richiesta di cancellazione dei suoi dati, La informiamo che potrebbe non essere pi\u00f9 possibile continuare a fornirLe il servizio richiestoci.<\/p>\n<p>La informiamo, infine, che potr\u00e0 proporre reclamo all\u2019Autorit\u00e0 Garante per la Protezione dei Dati, qualora ritenesse siano stati violati i suoi diritti.<\/p>\n<p><strong>INFORMATIVA ESTESA SUI COOKIE<\/strong><br \/>Questo sito utilizza cookie, anche di terze parti, per migliorarne l\u2019esperienza di navigazione e consentire a chi naviga di usufruire dei nostri servizi online e di visualizzare pubblicit\u00e0 in linea con le proprie preferenze. I cookies utilizzati in questo sito rientrano nelle categorie descritte di seguito.<\/p>\n<p><strong>Cosa sono i cookies<\/strong><br \/>I cookies sono piccoli file di testo che vengono automaticamente posizionati sul PC del navigatore all&#8217;interno del browser. Essi contengono informazioni di base sulla navigazione in Internet e grazie al browser vengono riconosciuti ogni volta che l&#8217;utente visita il sito.<br \/>Di seguito vengono forniti dettagli sui cookie installati da questo sito e indicazioni su come gestire le preferenze in merito ad essi.<\/p>\n<p><strong>Gestione dei cookie<\/strong><br \/><strong>1 &#8211; Cookie tecnici<\/strong><br \/>I cookie tecnici descritti qui di seguito non richiedono consenso perci\u00f2 vengono installati automaticamente a seguito dell\u2019accesso al sito.<\/p>\n<p>&#8211; Cookie necessari al funzionamento: cookies che permettono al sito di funzionare correttamente anche consentendo all\u2019utente di avere un\u2019esperienza di navigazione funzionale. Ad esempio, mantengono l&#8217;utente collegato durante la navigazione evitando che il sito richieda di collegarsi pi\u00f9 volte per accedere alle pagine successive.<\/p>\n<p>&#8211; Cookie per il salvataggio delle preferenze: cookie che permettono di ricordare le preferenze selezionate dall\u2019utente durante la navigazione, ad esempio, consentono di impostare la lingua.<\/p>\n<p>&#8211; Cookie statistici e di misurazione dell&#8217;audience: cookie che aiutano a capire, attraverso dati raccolti in forma anonima e aggregata, come gli utenti interagiscono con il sito internet fornendo informazioni relative alle sezioni visitate, il tempo trascorso sul sito, eventuali malfunzionamenti.<\/p>\n<p><strong>2 &#8211; Cookie di terze parti<\/strong><br \/>Attraverso questo sito vengono installati anche cookie gestiti da terze parti.<br \/>Per informazioni relative a questi cookie di terze parti e la gestione del consenso sono disponibili gli appositi link delle tabelle riportate pi\u00f9 sotto. Inoltre accedendo alla pagina http:\/\/www.youronlinechoices.com\/it\/le-tue-scelte \u00e8 possibile informarsi sulla pubblicit\u00e0 comportamentale oltre che disattivare o attivare i cookie delle societ\u00e0 elencate che lavorano con i gestori dei siti web per raccogliere e utilizzare informazioni utili alla fruizione della pubblicit\u00e0.<\/p>\n<p><strong>Cookie Statistici e di Misurazione dell&#8217;audience di terze parti<\/strong><br \/>Questi cookie forniscono informazioni anonime\/aggregate sul modo in cui i visitatori navigano sul sito. Di seguito i link alle rispettive pagine di cookies policy per gestire il consenso.<\/p>\n<p>Questi cookie di terze parti &#8211; qualora presenti i collegamenti sul sito &#8211; vengono utilizzati per integrare alcune diffuse funzionalit\u00e0 dei principali social media e fornirle all&#8217;interno del sito. In particolare permettono la registrazione e l&#8217;autenticazione sul sito tramite facebook e google connect, la condivisione e i commenti di pagine del sito sui social, abilitano le funzionalit\u00e0 del &#8220;mi piace&#8221; su Facebook e del &#8220;+1&#8221; su G+.<\/p>\n<p><strong>Cookie di remarketing<\/strong><br \/>Questi cookie di terza parte, quando presenti, consentono di mostrare annunci pubblicitari basati sugli interessi manifestati dagli utenti durante la navigazione online sui siti e le APP appartenenti al circuito della terza parte che ha rilasciato questi cookie. Per esempio, i cookie di remarketing utilizzati da questo sito possono essere quelli della Rete Display di Google e della piattaforma Audience Network di Facebook.<\/p>\n<p><strong>Cookie analitici di terze parti per il servizio \u201cBusiness Contact\u201d<\/strong><br \/>Questi cookie di terze parti, quando presenti, consentono di tracciare le visite sul presente sito effettuate da aziende che abbiano registrato un IP fisso. Le informazioni pubbliche relative all\u2019IP fisso posso essere utilizzate, insieme ad altri dati pubblici, per contattare le aziende che hanno dimostrato interesse a prodotti e servizi offerti dal presente sito.<\/p>\n<p>3 &#8211; Ricordati che puoi gestire le tue preferenze sui cookie anche attraverso il browser<br \/>Se si utilizza Internet Explorer<br \/>In Internet Explorer, fare clic su &#8220;Strumenti&#8221; e selazionare &#8220;Opzioni Internet&#8221;. Nella scheda Privacy, spostare il cursore verso l&#8217;alto per bloccare tutti i cookie o verso il basso per consentire tutti i cookie, e quindi fare clic su OK.<\/p>\n<p><strong>Se si utilizza il browser Firefox<\/strong><br \/>Scegliere il men\u00f9 &#8220;Strumenti&#8221; del browser e selezionare il menu &#8220;Opzioni&#8221;. Fare clic sulla scheda &#8220;Privacy&#8221;. Nell\u2019elenco a discesa \u201cRegole di conservazione\u201d selezionare il livello desiderato. Spuntare la casella \u201cAccettare i cookie\u201d per attivare i cookie, o togliere la spunta per disattivarli. Scegliere per quanto tempo i cookie possono essere conservati.<\/p>\n<p><strong>Se si utilizza il browser Safari<\/strong><br \/>Cliccare nel Men\u00f9 Safari, selezionare il menu &#8220;Modifica&#8221; e selezionare &#8220;Preferences&#8221;. Cliccare su &#8220;Privacy&#8221;. Posizionare l&#8217;impostazione &#8220;cookies Block&#8221; e fare clic su OK.<\/p>\n<p><strong>Se si utilizza il browser Google Chrome<\/strong><br \/>Cliccare sul menu Chrome nella barra degli strumenti del browser. Selezionare &#8220;Impostazioni&#8221;. Cliccare su &#8220;Mostra impostazioni avanzate&#8221;. Nella sezione &#8220;Privacy&#8221;, cliccare su &#8220;Impostazioni contenuti&#8221;. Nella sezione &#8220;Cookies&#8221;, selezionare &#8220;Impedisci a tutti i siti di salvare i dati&#8221; e quindi fare clic su OK.<\/p>\n<p>Se usi un qualsiasi altro browser o non conosci il tipo e versione di browser che stai utilizzando, clicca \u201cAiuto\u201d nella finestra del browser in alto, da cui puoi accedere a tutte le informazioni necessarie.<\/p>\n<p>Ai sensi degli artt. 15-22 del GDPR, l\u2019utente ha il diritto di richiedere, scrivendo all\u2019indirizzo del titolare del presente sito, l&#8217;accesso ai suoi dati personali, la rettifica o la cancellazione degli stessi o anche semplicemente la limitazione del loro trattamento (anonimizzazione) o proporre reclamo all\u2019Autorit\u00e0 Garante per la Protezione dei Dati, qualora ritenesse siano stati violati i suoi diritti.<\/p>\n<p>[\/et_pb_text][\/et_pb_column][\/et_pb_row][\/et_pb_section]<\/p>\n","protected":false},"excerpt":{"rendered":"<p>Informativa privacy ai sensi degli artt. 13-14 del Regolamento Europeo \u201cPrivacy\u201d (GDPR) I dati personali da Lei inseriti, sono trattati dal titolare del presente sito, per finalit\u00e0 connesse alla fornitura dei servizi da Lei richiesti (a titolo esemplificativo: richiedere informazioni, registrarsi al sito per ricevere vantaggi e offerte, ottenere preventivi, effettuare pagamenti, acquistare beni e [&hellip;]<\/p>\n","protected":false},"author":1,"featured_media":0,"parent":0,"menu_order":0,"comment_status":"closed","ping_status":"open","template":"","meta":{"_et_pb_use_builder":"on","_et_pb_old_content":"<!-- wp:heading -->\r\n<h2>Chi siamo<\/h2>\r\n<!-- \/wp:heading --><!-- wp:paragraph -->\r\n<p>L'indirizzo del nostro sito web \u00e8: http:\/\/osint.zonalab.it.<\/p>\r\n<!-- \/wp:paragraph --><!-- wp:heading -->\r\n<h2>Quali dati personali raccogliamo e perch\u00e9 li raccogliamo<\/h2>\r\n<!-- \/wp:heading --><!-- wp:heading {\"level\":3} -->\r\n<h3>Commenti<\/h3>\r\n<!-- \/wp:heading --><!-- wp:paragraph -->\r\n<p>Quando i visitatori lasciano commenti sul sito, raccogliamo i dati mostrati nel modulo dei commenti oltre all'indirizzo IP del visitatore e la stringa dello user agent del browser per facilitare il rilevamento dello spam.<\/p>\r\n<!-- \/wp:paragraph --><!-- wp:paragraph -->\r\n<p>Una stringa anonimizzata creata a partire dal tuo indirizzo email (altrimenti detta hash) pu\u00f2 essere fornita al servizio Gravatar per vedere se lo stai usando. La privacy policy del servizio Gravatar \u00e8 disponibile qui: https:\/\/automattic.com\/privacy\/. Dopo l'approvazione del tuo commento, la tua immagine del profilo \u00e8 visibile al pubblico nel contesto del tuo commento.<\/p>\r\n<!-- \/wp:paragraph --><!-- wp:heading {\"level\":3} -->\r\n<h3>Media<\/h3>\r\n<!-- \/wp:heading --><!-- wp:paragraph -->\r\n<p>Se carichi immagini sul sito web, dovresti evitare di caricare immagini che includono i dati di posizione incorporati (EXIF GPS). I visitatori del sito web possono scaricare ed estrarre qualsiasi dato sulla posizione dalle immagini sul sito web.<\/p>\r\n<!-- \/wp:paragraph --><!-- wp:heading {\"level\":3} -->\r\n<h3>Modulo di contatto<\/h3>\r\n<!-- \/wp:heading --><!-- wp:heading {\"level\":3} -->\r\n<h3>Cookie<\/h3>\r\n<!-- \/wp:heading --><!-- wp:paragraph -->\r\n<p>Se lasci un commento sul nostro sito, puoi scegliere di salvare il tuo nome, indirizzo email e sito web nei cookie. Sono usati per la tua comodit\u00e0 in modo che tu non debba inserire nuovamente i tuoi dati quando lasci un altro commento. Questi cookie dureranno per un anno.<\/p>\r\n<!-- \/wp:paragraph --><!-- wp:paragraph -->\r\n<p>Se visiti la pagina di login, verr\u00e0 impostato un cookie temporaneo per determinare se il tuo browser accetta i cookie. Questo cookie non contiene dati personali e viene eliminato quando chiudi il browser.<\/p>\r\n<!-- \/wp:paragraph --><!-- wp:paragraph -->\r\n<p>Quando effettui l'accesso, verranno impostati diversi cookie per salvare le tue informazioni di accesso e le tue opzioni di visualizzazione dello schermo. I cookie di accesso durano due giorni mentre i cookie per le opzioni dello schermo durano un anno. Se selezioni \"Ricordami\", il tuo accesso persister\u00e0 per due settimane. Se esci dal tuo account, i cookie di accesso verranno rimossi.<\/p>\r\n<!-- \/wp:paragraph --><!-- wp:paragraph -->\r\n<p>Se modifichi o pubblichi un articolo, un cookie aggiuntivo verr\u00e0 salvato nel tuo browser. Questo cookie non include dati personali, ma indica semplicemente l'ID dell'articolo appena modificato. Scade dopo 1 giorno.<\/p>\r\n<!-- \/wp:paragraph --><!-- wp:heading {\"level\":3} -->\r\n<h3>Contenuto incorporato da altri siti web<\/h3>\r\n<!-- \/wp:heading --><!-- wp:paragraph -->\r\n<p>Gli articoli su questo sito possono includere contenuti incorporati (ad esempio video, immagini, articoli, ecc.). I contenuti incorporati da altri siti web si comportano esattamente allo stesso modo come se il visitatore avesse visitato l'altro sito web.<\/p>\r\n<!-- \/wp:paragraph --><!-- wp:paragraph -->\r\n<p>Questi siti web possono raccogliere dati su di te, usare cookie, integrare ulteriori tracciamenti di terze parti e monitorare l'interazione con essi, incluso il tracciamento della tua interazione con il contenuto incorporato se hai un account e sei connesso a quei siti web.<\/p>\r\n<!-- \/wp:paragraph --><!-- wp:heading {\"level\":3} -->\r\n<h3>Analytics<\/h3>\r\n<!-- \/wp:heading --><!-- wp:heading -->\r\n<h2>Con chi condividiamo i tuoi dati<\/h2>\r\n<!-- \/wp:heading --><!-- wp:heading -->\r\n<h2>Per quanto tempo conserviamo i tuoi dati<\/h2>\r\n<!-- \/wp:heading --><!-- wp:paragraph -->\r\n<p>Se lasci un commento, il commento e i relativi metadati vengono conservati a tempo indeterminato. \u00c8 cos\u00ec che possiamo riconoscere e approvare automaticamente eventuali commenti successivi invece di tenerli in una coda di moderazione.<\/p>\r\n<!-- \/wp:paragraph --><!-- wp:paragraph -->\r\n<p>Per gli utenti che si registrano sul nostro sito web (se presenti), memorizziamo anche le informazioni personali che forniscono nel loro profilo utente. Tutti gli utenti possono vedere, modificare o cancellare le loro informazioni personali in qualsiasi momento (eccetto il loro nome utente che non possono cambiare). Gli amministratori del sito web possono anche vedere e modificare queste informazioni.<\/p>\r\n<!-- \/wp:paragraph --><!-- wp:heading -->\r\n<h2>Quali diritti hai sui tuoi dati<\/h2>\r\n<!-- \/wp:heading --><!-- wp:paragraph -->\r\n<p>Se hai un account su questo sito, o hai lasciato commenti, puoi richiedere di ricevere un file esportato dal sito con i dati personali che abbiamo su di te, compresi i dati che ci hai fornito. Puoi anche richiedere che cancelliamo tutti i dati personali che ti riguardano. Questo non include i dati che siamo obbligati a conservare per scopi amministrativi, legali o di sicurezza.<\/p>\r\n<!-- \/wp:paragraph --><!-- wp:heading -->\r\n<h2>Dove spediamo i tuoi dati<\/h2>\r\n<!-- \/wp:heading --><!-- wp:paragraph -->\r\n<p>I commenti dei visitatori possono essere controllati attraverso un servizio di rilevamento automatico dello spam.<\/p>\r\n<!-- \/wp:paragraph --><!-- wp:heading -->\r\n<h2>Le tue informazioni di contatto<\/h2>\r\n<!-- \/wp:heading --><!-- wp:heading -->\r\n<h2>Informazioni aggiuntive<\/h2>\r\n<!-- \/wp:heading --><!-- wp:heading {\"level\":3} -->\r\n<h3>Come proteggiamo i tuoi dati<\/h3>\r\n<!-- \/wp:heading --><!-- wp:heading {\"level\":3} -->\r\n<h3>Quali procedure abbiamo predisposto per prevenire la violazione dei dati<\/h3>\r\n<!-- \/wp:heading --><!-- wp:heading {\"level\":3} -->\r\n<h3>Da quali terze parti riceviamo dati<\/h3>\r\n<!-- \/wp:heading --><!-- wp:heading {\"level\":3} -->\r\n<h3>Quale processo decisionale automatizzato e\/o profilazione facciamo con i dati dell'utente<\/h3>\r\n<!-- \/wp:heading --><!-- wp:heading {\"level\":3} -->\r\n<h3>Requisiti di informativa normativa del settore<\/h3>\r\n<!-- \/wp:heading -->","_et_gb_content_width":"","footnotes":""},"class_list":["post-797","page","type-page","status-publish","hentry"],"_links":{"self":[{"href":"https:\/\/www.osint-ltd.com\/en\/wp-json\/wp\/v2\/pages\/797","targetHints":{"allow":["GET"]}}],"collection":[{"href":"https:\/\/www.osint-ltd.com\/en\/wp-json\/wp\/v2\/pages"}],"about":[{"href":"https:\/\/www.osint-ltd.com\/en\/wp-json\/wp\/v2\/types\/page"}],"author":[{"embeddable":true,"href":"https:\/\/www.osint-ltd.com\/en\/wp-json\/wp\/v2\/users\/1"}],"replies":[{"embeddable":true,"href":"https:\/\/www.osint-ltd.com\/en\/wp-json\/wp\/v2\/comments?post=797"}],"version-history":[{"count":2,"href":"https:\/\/www.osint-ltd.com\/en\/wp-json\/wp\/v2\/pages\/797\/revisions"}],"predecessor-version":[{"id":799,"href":"https:\/\/www.osint-ltd.com\/en\/wp-json\/wp\/v2\/pages\/797\/revisions\/799"}],"wp:attachment":[{"href":"https:\/\/www.osint-ltd.com\/en\/wp-json\/wp\/v2\/media?parent=797"}],"curies":[{"name":"wp","href":"https:\/\/api.w.org\/{rel}","templated":true}]}}